{"id":389,"date":"2020-09-14T10:54:59","date_gmt":"2020-09-14T10:54:59","guid":{"rendered":"http:\/\/rockasolutions.net\/index.php\/home\/"},"modified":"2021-03-25T23:59:18","modified_gmt":"2021-03-25T23:59:18","slug":"home","status":"publish","type":"page","link":"https:\/\/rockasolutions.net\/","title":{"rendered":"Home"},"content":{"rendered":"\n<div class=\"wp-block-cover alignfull has-background-dim has-background-gradient\" style=\"min-height:522px;aspect-ratio:unset;\"><span aria-hidden=\"true\" class=\"wp-block-cover__gradient-background\" style=\"background:linear-gradient(270deg,rgba(7,89,171,0) 0%,rgb(7,90,174) 100%)\"><\/span><img loading=\"lazy\" decoding=\"async\" width=\"900\" height=\"900\" class=\"wp-block-cover__image-background wp-image-606\" alt=\"\" src=\"http:\/\/rockasolutions.net\/wp-content\/uploads\/2021\/03\/fondo.jpg\" data-object-fit=\"cover\" srcset=\"https:\/\/rockasolutions.net\/wp-content\/uploads\/2021\/03\/fondo.jpg 900w, https:\/\/rockasolutions.net\/wp-content\/uploads\/2021\/03\/fondo-300x300.jpg 300w, https:\/\/rockasolutions.net\/wp-content\/uploads\/2021\/03\/fondo-150x150.jpg 150w, https:\/\/rockasolutions.net\/wp-content\/uploads\/2021\/03\/fondo-768x768.jpg 768w\" sizes=\"auto, (max-width: 900px) 100vw, 900px\" \/><div class=\"wp-block-cover__inner-container is-layout-flow wp-block-cover-is-layout-flow\">\n<div class=\"wp-block-columns is-layout-flex wp-container-core-columns-is-layout-28f84493 wp-block-columns-is-layout-flex\">\n<div class=\"wp-block-column is-layout-flow wp-block-column-is-layout-flow\">\n<h1 class=\"has-white-color has-text-color wp-block-heading\">Su tecnolog\u00eda en manos expertas.<\/h1>\n\n\n\n<p class=\"has-white-color has-text-color\">Rocka Solutions tiene la capacidad de ofrecer soluciones y servicios tecnol\u00f3gicos que ayuden a maximizar su negocio, permita que la tecnolog\u00eda impulse su negocio y trabaje por usted..<\/p>\n\n\n\n<div class=\"wp-block-buttons is-layout-flex wp-block-buttons-is-layout-flex\">\n<div class=\"wp-block-button\"><a class=\"wp-block-button__link has-black-color has-white-background-color has-text-color has-background\" rel=\"#\">Contacto<\/a><\/div>\n\n\n\n<div class=\"wp-block-button\"><a class=\"wp-block-button__link\" rel=\"#\">Leer Mas<\/a><\/div>\n<\/div>\n<\/div>\n\n\n\n<div class=\"wp-block-column is-layout-flow wp-block-column-is-layout-flow\"><\/div>\n<\/div>\n\n\n\n<p class=\"has-text-align-center has-large-font-size\">Rocka Solutions SAS<\/p>\n<\/div><\/div>\n\n\n\n<div class=\"wp-block-group alignfull has-background\" style=\"background-color:#f3f8fb\"><div class=\"wp-block-group__inner-container is-layout-flow wp-block-group-is-layout-flow\">\n<h4 class=\"has-text-align-center wp-block-heading\">Lo apoyamos en:<\/h4>\n\n\n\n<figure class=\"wp-block-gallery columns-7 wp-block-gallery-1 is-layout-flex wp-block-gallery-is-layout-flex\"><ul class=\"blocks-gallery-grid\"><li class=\"blocks-gallery-item\"><figure><img loading=\"lazy\" decoding=\"async\" width=\"144\" height=\"99\" src=\"http:\/\/rockasolutions.net\/wp-content\/uploads\/2018\/02\/logo-01-free-img.png\" alt=\"Logo 01\" data-id=\"71\" data-full-url=\"http:\/\/rockasolutions.net\/wp-content\/uploads\/2018\/02\/logo-01-free-img.png\" data-link=\"http:\/\/rockasolutions.net\/logo-01-free-img\/\" class=\"wp-image-71\"\/><\/figure><\/li><li class=\"blocks-gallery-item\"><figure><img loading=\"lazy\" decoding=\"async\" width=\"144\" height=\"99\" src=\"http:\/\/rockasolutions.net\/wp-content\/uploads\/2018\/02\/logo-07-free-img.png\" alt=\"Logo 07\" data-id=\"77\" data-full-url=\"http:\/\/rockasolutions.net\/wp-content\/uploads\/2018\/02\/logo-07-free-img.png\" data-link=\"http:\/\/rockasolutions.net\/logo-07-free-img\/\" class=\"wp-image-77\"\/><\/figure><\/li><li class=\"blocks-gallery-item\"><figure><img loading=\"lazy\" decoding=\"async\" width=\"144\" height=\"99\" src=\"http:\/\/rockasolutions.net\/wp-content\/uploads\/2018\/02\/logo-03-free-img.png\" alt=\"Logo 03\" data-id=\"73\" data-full-url=\"http:\/\/rockasolutions.net\/wp-content\/uploads\/2018\/02\/logo-03-free-img.png\" data-link=\"http:\/\/rockasolutions.net\/logo-03-free-img\/\" class=\"wp-image-73\"\/><\/figure><\/li><li class=\"blocks-gallery-item\"><figure><img loading=\"lazy\" decoding=\"async\" width=\"144\" height=\"99\" src=\"http:\/\/rockasolutions.net\/wp-content\/uploads\/2018\/02\/logo-04-free-img.png\" alt=\"Logo 04\" data-id=\"74\" data-full-url=\"http:\/\/rockasolutions.net\/wp-content\/uploads\/2018\/02\/logo-04-free-img.png\" data-link=\"http:\/\/rockasolutions.net\/logo-04-free-img\/\" class=\"wp-image-74\"\/><\/figure><\/li><li class=\"blocks-gallery-item\"><figure><img loading=\"lazy\" decoding=\"async\" width=\"144\" height=\"99\" src=\"http:\/\/rockasolutions.net\/wp-content\/uploads\/2018\/02\/logo-07-free-img-1.png\" alt=\"\" data-id=\"105\" data-full-url=\"http:\/\/rockasolutions.net\/wp-content\/uploads\/2018\/02\/logo-07-free-img-1.png\" data-link=\"http:\/\/rockasolutions.net\/logo-07-free-img-2\/\" class=\"wp-image-105\"\/><\/figure><\/li><li class=\"blocks-gallery-item\"><figure><img loading=\"lazy\" decoding=\"async\" width=\"144\" height=\"99\" src=\"http:\/\/rockasolutions.net\/wp-content\/uploads\/2018\/02\/logo-05-free-img.png\" alt=\"Logo 05\" data-id=\"75\" data-full-url=\"http:\/\/rockasolutions.net\/wp-content\/uploads\/2018\/02\/logo-05-free-img.png\" data-link=\"http:\/\/rockasolutions.net\/logo-05-free-img\/\" class=\"wp-image-75\"\/><\/figure><\/li><li class=\"blocks-gallery-item\"><figure><img loading=\"lazy\" decoding=\"async\" width=\"144\" height=\"99\" src=\"http:\/\/rockasolutions.net\/wp-content\/uploads\/2018\/02\/logo-03-free-img-1.png\" alt=\"\" data-id=\"104\" data-full-url=\"http:\/\/rockasolutions.net\/wp-content\/uploads\/2018\/02\/logo-03-free-img-1.png\" data-link=\"http:\/\/rockasolutions.net\/logo-03-free-img-2\/\" class=\"wp-image-104\"\/><\/figure><\/li><\/ul><\/figure>\n<\/div><\/div>\n\n\n\n<div class=\"wp-block-group\"><div class=\"wp-block-group__inner-container is-layout-flow wp-block-group-is-layout-flow\">\n<h2 class=\"has-text-align-center wp-block-heading\">\u00bfPorque elegirnos?<\/h2>\n\n\n\n<p class=\"has-text-align-center\">Tenemos la capacidad de orientar su organizaci\u00f3n en la adopci\u00f3n de tecnolog\u00eda id\u00f3nea para mejorar su productividad y rentabilidad<\/p>\n\n\n\n<div class=\"wp-block-columns is-layout-flex wp-container-core-columns-is-layout-28f84493 wp-block-columns-is-layout-flex\">\n<div class=\"wp-block-column is-layout-flow wp-block-column-is-layout-flow\">\n<div class=\"wp-block-group has-background\" style=\"background-color:#075aae\"><div class=\"wp-block-group__inner-container is-layout-flow wp-block-group-is-layout-flow\">\n<h2 class=\"has-white-color has-text-color wp-block-heading\">Proyectos<\/h2>\n\n\n\n<p class=\"has-white-color has-text-color\">Somos expertos certificados en la gesti\u00f3n de proyectos, lo que nos da las capacidades para gestionar sus proyectos de forma eficiente y cumplir los objetivos.<\/p>\n\n\n\n<div class=\"wp-block-buttons is-layout-flex wp-block-buttons-is-layout-flex\">\n<div class=\"wp-block-button is-style-outline is-style-outline--2\"><a class=\"wp-block-button__link has-white-color has-text-color\" rel=\"#\">Leer Mas<\/a><\/div>\n<\/div>\n<\/div><\/div>\n<\/div>\n\n\n\n<div class=\"wp-block-column is-layout-flow wp-block-column-is-layout-flow\">\n<div class=\"wp-block-group has-background\" style=\"background-color:#075aae\"><div class=\"wp-block-group__inner-container is-layout-flow wp-block-group-is-layout-flow\">\n<h2 class=\"has-white-color has-text-color wp-block-heading\">Software<\/h2>\n\n\n\n<p class=\"has-white-color has-text-color\">Tenemos la capacidad de desarrollar software bajo las ultimas tendencias en la industria, pero sobre todo entendiendo las necesidades reales para su organizaci\u00f3n<\/p>\n\n\n\n<div class=\"wp-block-buttons is-layout-flex wp-block-buttons-is-layout-flex\">\n<div class=\"wp-block-button is-style-outline is-style-outline--3\"><a class=\"wp-block-button__link has-white-color has-text-color\" rel=\"#\">Leer Mas<\/a><\/div>\n<\/div>\n<\/div><\/div>\n<\/div>\n\n\n\n<div class=\"wp-block-column is-layout-flow wp-block-column-is-layout-flow\">\n<div class=\"wp-block-group has-background\" style=\"background-color:#075aae\"><div class=\"wp-block-group__inner-container is-layout-flow wp-block-group-is-layout-flow\">\n<h2 class=\"has-white-color has-text-color wp-block-heading\">Hardware<\/h2>\n\n\n\n<p class=\"has-white-color has-text-color\">Ofrecemos Hardware empresarial de la m\u00e1s alta tecnolog\u00eda que permite ofrecer soluciones empresariales adecuadas a las necesidades de su organizaci\u00f3n<\/p>\n\n\n\n<div class=\"wp-block-buttons is-layout-flex wp-block-buttons-is-layout-flex\">\n<div class=\"wp-block-button is-style-outline is-style-outline--4\"><a class=\"wp-block-button__link has-white-color has-text-color\" rel=\"#\">Leer Mas<\/a><\/div>\n<\/div>\n<\/div><\/div>\n<\/div>\n<\/div>\n\n\n\n<div class=\"wp-block-columns is-layout-flex wp-container-core-columns-is-layout-28f84493 wp-block-columns-is-layout-flex\">\n<div class=\"wp-block-column is-layout-flow wp-block-column-is-layout-flow\" style=\"flex-basis:32%\">\n<div class=\"wp-block-group has-background\" style=\"background-color:#f3f8fb\"><div class=\"wp-block-group__inner-container is-layout-flow wp-block-group-is-layout-flow\">\n<h2 class=\"has-text-align-left wp-block-heading\">Need Advice?<\/h2>\n\n\n\n<p class=\"has-text-align-left\">Lorem ipsum dolor sit amet, consectetur incididunt ut labore et dolore magna aliqua ut enim ad minim.<\/p>\n\n\n\n<div class=\"wp-block-buttons is-layout-flex wp-block-buttons-is-layout-flex\">\n<div class=\"wp-block-button\"><a class=\"wp-block-button__link\" rel=\"#\">Call Me<\/a><\/div>\n<\/div>\n<\/div><\/div>\n<\/div>\n\n\n\n<div class=\"wp-block-column is-layout-flow wp-block-column-is-layout-flow\" style=\"flex-basis:66.66%\">\n<div class=\"wp-block-group has-background\" style=\"background-color:#f3f8fb\"><div class=\"wp-block-group__inner-container is-layout-flow wp-block-group-is-layout-flow\">\n<div class=\"wp-block-columns are-vertically-aligned-center is-layout-flex wp-container-core-columns-is-layout-28f84493 wp-block-columns-is-layout-flex\">\n<div class=\"wp-block-column is-vertically-aligned-center is-layout-flow wp-block-column-is-layout-flow\" style=\"flex-basis:33.33%\">\n<figure class=\"wp-block-image size-large is-resized\"><img loading=\"lazy\" decoding=\"async\" src=\"http:\/\/rockasolutions.net\/wp-content\/uploads\/2018\/02\/icon-03-free-img.png\" alt=\"Icon image\" class=\"wp-image-69\" width=\"161\" height=\"221\"\/><\/figure>\n<\/div>\n\n\n\n<div class=\"wp-block-column is-vertically-aligned-center is-layout-flow wp-block-column-is-layout-flow\" style=\"flex-basis:66.66%\">\n<h3 class=\"wp-block-heading\">My e-Books &amp; Courses<\/h3>\n\n\n\n<p>Lorem ipsum dolor sit amet, consectetur adipisicing elit, sed do eiusmod tempor incididunt ut labore et dolore magna aliqua. Ut enim ad minim veniam, quis nostrud exercitation ullamco.<\/p>\n\n\n\n<div class=\"wp-block-buttons is-layout-flex wp-block-buttons-is-layout-flex\">\n<div class=\"wp-block-button\"><a class=\"wp-block-button__link\" rel=\"#\">Read More<\/a><\/div>\n<\/div>\n<\/div>\n<\/div>\n<\/div><\/div>\n<\/div>\n<\/div>\n<\/div><\/div>\n\n\n\n<div class=\"wp-block-cover alignfull has-background-dim-100 has-background-dim has-background-gradient\" style=\"min-height:582px;aspect-ratio:unset;\"><span aria-hidden=\"true\" class=\"wp-block-cover__gradient-background\" style=\"background:linear-gradient(91deg,rgba(2,2,131,0.12) 0%,rgb(7,90,174) 82%,rgb(7,90,174) 100%)\"><\/span><img loading=\"lazy\" decoding=\"async\" width=\"1920\" height=\"740\" class=\"wp-block-cover__image-background wp-image-67\" alt=\"\" src=\"http:\/\/rockasolutions.net\/wp-content\/uploads\/2018\/02\/testimonials-free-img.jpg\" data-object-fit=\"cover\" srcset=\"https:\/\/rockasolutions.net\/wp-content\/uploads\/2018\/02\/testimonials-free-img.jpg 1920w, https:\/\/rockasolutions.net\/wp-content\/uploads\/2018\/02\/testimonials-free-img-300x116.jpg 300w, https:\/\/rockasolutions.net\/wp-content\/uploads\/2018\/02\/testimonials-free-img-1024x395.jpg 1024w, https:\/\/rockasolutions.net\/wp-content\/uploads\/2018\/02\/testimonials-free-img-768x296.jpg 768w, https:\/\/rockasolutions.net\/wp-content\/uploads\/2018\/02\/testimonials-free-img-1536x592.jpg 1536w\" sizes=\"auto, (max-width: 1920px) 100vw, 1920px\" \/><div class=\"wp-block-cover__inner-container is-layout-flow wp-block-cover-is-layout-flow\">\n<div class=\"wp-block-columns is-layout-flex wp-container-core-columns-is-layout-28f84493 wp-block-columns-is-layout-flex\">\n<div class=\"wp-block-column is-layout-flow wp-block-column-is-layout-flow\"><\/div>\n\n\n\n<div class=\"wp-block-column is-layout-flow wp-block-column-is-layout-flow\">\n<h2 class=\"has-white-color has-text-color wp-block-heading\">Nuestra experiencia<\/h2>\n\n\n\n<p class=\"has-white-color has-text-color\">\u201c Proin gravida nibh vel velit auctor aliquet aenean sollicitudin, lorem quis bibendum auctor nisi elit consequat ipsum, nec sagittis sem nibh id elit duis sed odio sit amet nibh vulputate. \u201d<\/p>\n\n\n\n<h5 class=\"has-white-color has-text-color wp-block-heading\">Christine Walters<\/h5>\n<\/div>\n<\/div>\n<\/div><\/div>\n\n\n\n<div class=\"wp-block-group alignfull has-background\" style=\"background-color:#fbf8f9\"><div class=\"wp-block-group__inner-container is-layout-flow wp-block-group-is-layout-flow\">\n<div class=\"wp-block-columns are-vertically-aligned-center is-layout-flex wp-container-core-columns-is-layout-28f84493 wp-block-columns-is-layout-flex\">\n<div class=\"wp-block-column is-vertically-aligned-center is-layout-flow wp-block-column-is-layout-flow\" style=\"flex-basis:66.66%\">\n<div class=\"wp-block-group has-white-background-color has-background\"><div class=\"wp-block-group__inner-container is-layout-flow wp-block-group-is-layout-flow\">\n<h2 class=\"wp-block-heading\">Nuestra Oferta de Valor<\/h2>\n\n\n\n<p>Lorem ipsum dolor sit amet, consectetur adipisicing elit, sed do eiusmod tempor incididunt ut labore et dolore magna aliqua. Ut enim ad minim veniam, quis nostrud exercitation ullamco laboris nisi ut aliquip ex ea commodo consequat. Duis aute irure dolor in reprehenderit in voluptate velit esse cillum dolore eu fugiat nulla pariatur. Excepteur sint occaecat cupidatat non proident.<\/p>\n\n\n\n<p>Sunt in culpa qui officia deserunt mollit anim id est laborum. Sed ut perspiciatis unde omnis iste natus error sit voluptatem accusantium doloremque laudantium, totam rem aperiam, eaque ipsa quae ab illo inventore veritatis.<\/p>\n\n\n\n<div class=\"wp-block-buttons is-layout-flex wp-block-buttons-is-layout-flex\">\n<div class=\"wp-block-button\"><a class=\"wp-block-button__link\" rel=\"#\">Conozca el detalle de servicios<\/a><\/div>\n<\/div>\n<\/div><\/div>\n<\/div>\n\n\n\n<div class=\"wp-block-column is-vertically-aligned-center is-layout-flow wp-block-column-is-layout-flow\" style=\"flex-basis:33.33%\">\n<figure class=\"wp-block-image size-large\"><img loading=\"lazy\" decoding=\"async\" width=\"470\" height=\"650\" src=\"http:\/\/rockasolutions.net\/wp-content\/uploads\/2018\/02\/story-free-img.jpg\" alt=\"Steven Photo\" class=\"wp-image-100\" srcset=\"https:\/\/rockasolutions.net\/wp-content\/uploads\/2018\/02\/story-free-img.jpg 470w, https:\/\/rockasolutions.net\/wp-content\/uploads\/2018\/02\/story-free-img-217x300.jpg 217w\" sizes=\"auto, (max-width: 470px) 100vw, 470px\" \/><\/figure>\n<\/div>\n<\/div>\n<\/div><\/div>\n\n\n\n<div class=\"wp-block-cover alignfull has-background-dim\" style=\"background-color:#075aae;min-height:511px;aspect-ratio:unset;\"><div class=\"wp-block-cover__inner-container is-layout-flow wp-block-cover-is-layout-flow\">\n<hr class=\"wp-block-separator has-text-color has-background has-white-background-color has-white-color\"\/>\n\n\n\n<h2 class=\"has-text-align-center has-white-color has-text-color wp-block-heading\">Permita que Rocka Solutions ayude a su compa\u00f1\u00eda a conseguir sus objetivos desde el apoyo de la tecnolog\u00eda.<\/h2>\n\n\n\n<div class=\"wp-block-buttons is-content-justification-center is-layout-flex wp-block-buttons-is-layout-flex\">\n<div class=\"wp-block-button\"><a class=\"wp-block-button__link has-black-color has-white-background-color has-text-color has-background\" rel=\"#\">Contacto<\/a><\/div>\n<\/div>\n<\/div><\/div>\n\n\n\n<p><\/p>\n","protected":false},"excerpt":{"rendered":"<p>Lo apoyamos en: \u00bfPorque elegirnos? Tenemos la capacidad de orientar su organizaci\u00f3n en la adopci\u00f3n de tecnolog\u00eda id\u00f3nea para mejorar su productividad y rentabilidad Proyectos Somos expertos certificados en la gesti\u00f3n de proyectos, lo que nos da las capacidades para gestionar sus proyectos de forma eficiente y cumplir los objetivos. Software Tenemos la capacidad de &hellip;<\/p>\n<p class=\"read-more\"> <a class=\"\" href=\"https:\/\/rockasolutions.net\/\"> <span class=\"screen-reader-text\">Home<\/span> Read More &raquo;<\/a><\/p>\n","protected":false},"author":1,"featured_media":0,"parent":0,"menu_order":0,"comment_status":"closed","ping_status":"closed","template":"","meta":{"om_disable_all_campaigns":false,"_mi_skip_tracking":false,"site-sidebar-layout":"no-sidebar","site-content-layout":"plain-container","ast-global-header-display":"","ast-main-header-display":"","ast-hfb-above-header-display":"","ast-hfb-below-header-display":"","ast-hfb-mobile-header-display":"","site-post-title":"disabled","ast-breadcrumbs-content":"","ast-featured-img":"disabled","footer-sml-layout":"","theme-transparent-header-meta":"default","adv-header-id-meta":"","stick-header-meta":"","header-above-stick-meta":"","header-main-stick-meta":"","header-below-stick-meta":"","footnotes":""},"class_list":["post-389","page","type-page","status-publish","hentry"],"aioseo_notices":[],"_links":{"self":[{"href":"https:\/\/rockasolutions.net\/index.php\/wp-json\/wp\/v2\/pages\/389","targetHints":{"allow":["GET"]}}],"collection":[{"href":"https:\/\/rockasolutions.net\/index.php\/wp-json\/wp\/v2\/pages"}],"about":[{"href":"https:\/\/rockasolutions.net\/index.php\/wp-json\/wp\/v2\/types\/page"}],"author":[{"embeddable":true,"href":"https:\/\/rockasolutions.net\/index.php\/wp-json\/wp\/v2\/users\/1"}],"replies":[{"embeddable":true,"href":"https:\/\/rockasolutions.net\/index.php\/wp-json\/wp\/v2\/comments?post=389"}],"version-history":[{"count":10,"href":"https:\/\/rockasolutions.net\/index.php\/wp-json\/wp\/v2\/pages\/389\/revisions"}],"predecessor-version":[{"id":622,"href":"https:\/\/rockasolutions.net\/index.php\/wp-json\/wp\/v2\/pages\/389\/revisions\/622"}],"wp:attachment":[{"href":"https:\/\/rockasolutions.net\/index.php\/wp-json\/wp\/v2\/media?parent=389"}],"curies":[{"name":"wp","href":"https:\/\/api.w.org\/{rel}","templated":true}]}}